{"id":977,"date":"2024-10-10T07:19:46","date_gmt":"2024-10-10T07:19:46","guid":{"rendered":"https:\/\/uygar.com\/urun\/u-2009-double-out-hydraulic-coupling\/"},"modified":"2024-11-14T11:42:52","modified_gmt":"2024-11-14T11:42:52","slug":"u-2009-double-out-hydraulic-coupling","status":"publish","type":"product","link":"https:\/\/uygar.com\/en\/urun\/u-2009-double-out-hydraulic-coupling\/","title":{"rendered":"U-2009 Double Out Hydraulic Coupling"},"content":{"rendered":"","protected":false},"excerpt":{"rendered":"<p><span style=\"color: #282828;\">Usually it is used for transfering the movement from working engine. Its hydraulic pump couples as turning side of engine. <\/span><\/p>\n<p><span style=\"color: #282828;\">If the turning side doesn&#8217;t determine correctly, it cannot work. It transfers 350 HP (257,6 KW). Hydraulic coupl\u0131ng has two output coupl\u0131ng. <\/span><\/p>\n<p><span style=\"color: #282828;\">Coupling one can be working s\u0131ngle or together with second coupling. Head coupling&#8217;s turning hoop must be equal to the driven hoop or must be smaller than the driven hoop. It can couple in place of head coupling which is on the body of<\/span><\/p>\n<p><span style=\"color: #282828;\"><strong>Weight :<\/strong> 290 kg.<\/span><br \/>\n<span style=\"color: #282828;\"><strong>Reduction rate :<\/strong> 1\/1 (turning side is reverse the engine) It has two reduct\u0131on coupl\u0131ng wh\u0131ch \u0131s turn\u0131ng reverse accord\u0131ng to eng\u0131ne .Pump assembly set accord\u0131ng to rotat\u0131ng d\u0131rect\u0131on.<\/span><br \/>\n<span style=\"color: #282828;\"><strong>Hydraulic Working Pressure:<\/strong> 25 &#8211; 30 Atm.<\/span><br \/>\n<span style=\"color: #282828;\"><strong>Lubricating :<\/strong> 12 Lt<\/span><\/p>\n<p><span style=\"color: #282828;\"><a style=\"color: #282828;\" href=\"https:\/\/uygar.com\/wp-content\/uploads\/2024\/10\/U2009.pdf\" target=\"_blank\" rel=\"noopener\"><img loading=\"lazy\" decoding=\"async\" class=\"\" src=\"https:\/\/uygar.com\/wp-content\/uploads\/2024\/11\/Pdf-en.png\" alt=\"Uygar Makina\" width=\"200\" height=\"60\" \/><\/a><\/span><\/p>\n","protected":false},"featured_media":802,"comment_status":"closed","ping_status":"closed","template":"","meta":[],"product_cat":[15],"product_tag":[],"class_list":{"0":"post-977","1":"product","2":"type-product","3":"status-publish","4":"has-post-thumbnail","6":"product_cat-sanzimanlar","8":"first","9":"instock","10":"shipping-taxable","11":"product-type-simple"},"_links":{"self":[{"href":"https:\/\/uygar.com\/en\/wp-json\/wp\/v2\/product\/977"}],"collection":[{"href":"https:\/\/uygar.com\/en\/wp-json\/wp\/v2\/product"}],"about":[{"href":"https:\/\/uygar.com\/en\/wp-json\/wp\/v2\/types\/product"}],"replies":[{"embeddable":true,"href":"https:\/\/uygar.com\/en\/wp-json\/wp\/v2\/comments?post=977"}],"wp:featuredmedia":[{"embeddable":true,"href":"https:\/\/uygar.com\/en\/wp-json\/wp\/v2\/media\/802"}],"wp:attachment":[{"href":"https:\/\/uygar.com\/en\/wp-json\/wp\/v2\/media?parent=977"}],"wp:term":[{"taxonomy":"product_cat","embeddable":true,"href":"https:\/\/uygar.com\/en\/wp-json\/wp\/v2\/product_cat?post=977"},{"taxonomy":"product_tag","embeddable":true,"href":"https:\/\/uygar.com\/en\/wp-json\/wp\/v2\/product_tag?post=977"}],"curies":[{"name":"wp","href":"https:\/\/api.w.org\/{rel}","templated":true}]}}